{"id":209,"date":"2018-03-19T21:14:24","date_gmt":"2018-03-19T20:14:24","guid":{"rendered":"http:\/\/podlustremwody.pl\/?page_id=209"},"modified":"2021-03-08T00:19:32","modified_gmt":"2021-03-07T23:19:32","slug":"oferta","status":"publish","type":"page","link":"https:\/\/podlustremwody.pl\/index.php\/oferta\/","title":{"rendered":"Oferta"},"content":{"rendered":"<p style=\"text-align: center;\">Oferta<\/p>\n<ul>\n<li>Kurs fotografii podwodnej\n<ul>\n<li>nauka podstaw fotografii<\/li>\n<li>obs\u0142uga sprz\u0119tu<\/li>\n<li>dob\u00f3r parametr\u00f3w ekspozycji<\/li>\n<li>zasady kompozycji<\/li>\n<li>selekcja zdj\u0119\u0107<\/li>\n<li>wywo\u0142ywanie zdj\u0119\u0107<\/li>\n<\/ul>\n<\/li>\n<li>Sesja zdj\u0119ciowa\n<ul>\n<li>2 nurkowania<\/li>\n<li>5 uj\u0119\u0107<\/li>\n<li>minimum 10 zdj\u0119\u0107<\/li>\n<\/ul>\n<\/li>\n<li>Fotografia produktowa\n<ul>\n<li>zdj\u0119cia sprz\u0119tu nurkowego<\/li>\n<\/ul>\n<\/li>\n<\/ul>\n","protected":false},"excerpt":{"rendered":"<p>Oferta Kurs fotografii podwodnej nauka podstaw fotografii obs\u0142uga sprz\u0119tu dob\u00f3r parametr\u00f3w ekspozycji zasady kompozycji selekcja zdj\u0119\u0107 wywo\u0142ywanie zdj\u0119\u0107 Sesja zdj\u0119ciowa 2 nurkowania 5 uj\u0119\u0107 minimum&hellip; <\/p>\n","protected":false},"author":1,"featured_media":0,"parent":0,"menu_order":0,"comment_status":"closed","ping_status":"closed","template":"","meta":{"footnotes":""},"class_list":["post-209","page","type-page","status-publish","hentry"],"_links":{"self":[{"href":"https:\/\/podlustremwody.pl\/index.php\/wp-json\/wp\/v2\/pages\/209","targetHints":{"allow":["GET"]}}],"collection":[{"href":"https:\/\/podlustremwody.pl\/index.php\/wp-json\/wp\/v2\/pages"}],"about":[{"href":"https:\/\/podlustremwody.pl\/index.php\/wp-json\/wp\/v2\/types\/page"}],"author":[{"embeddable":true,"href":"https:\/\/podlustremwody.pl\/index.php\/wp-json\/wp\/v2\/users\/1"}],"replies":[{"embeddable":true,"href":"https:\/\/podlustremwody.pl\/index.php\/wp-json\/wp\/v2\/comments?post=209"}],"version-history":[{"count":2,"href":"https:\/\/podlustremwody.pl\/index.php\/wp-json\/wp\/v2\/pages\/209\/revisions"}],"predecessor-version":[{"id":583,"href":"https:\/\/podlustremwody.pl\/index.php\/wp-json\/wp\/v2\/pages\/209\/revisions\/583"}],"wp:attachment":[{"href":"https:\/\/podlustremwody.pl\/index.php\/wp-json\/wp\/v2\/media?parent=209"}],"curies":[{"name":"wp","href":"https:\/\/api.w.org\/{rel}","templated":true}]}}