{"id":204,"date":"2018-03-19T21:03:59","date_gmt":"2018-03-19T20:03:59","guid":{"rendered":"http:\/\/podlustremwody.pl\/?page_id=204"},"modified":"2021-03-08T00:29:15","modified_gmt":"2021-03-07T23:29:15","slug":"o-mnie","status":"publish","type":"page","link":"https:\/\/podlustremwody.pl\/index.php\/o-mnie\/","title":{"rendered":"O mnie"},"content":{"rendered":"\t\t<div data-elementor-type=\"wp-page\" data-elementor-id=\"204\" class=\"elementor elementor-204\">\n\t\t\t\t\t\t<section class=\"elementor-section elementor-top-section elementor-element elementor-element-458f1598 elementor-section-boxed elementor-section-height-default elementor-section-height-default\" data-id=\"458f1598\" data-element_type=\"section\" data-e-type=\"section\">\n\t\t\t\t\t\t<div class=\"elementor-container elementor-column-gap-default\">\n\t\t\t\t\t<div class=\"elementor-column elementor-col-100 elementor-top-column elementor-element elementor-element-2e3d5537\" data-id=\"2e3d5537\" data-element_type=\"column\" data-e-type=\"column\">\n\t\t\t<div class=\"elementor-widget-wrap elementor-element-populated\">\n\t\t\t\t\t\t<div class=\"elementor-element elementor-element-650ad957 elementor-drop-cap-yes elementor-drop-cap-view-default elementor-widget elementor-widget-text-editor\" data-id=\"650ad957\" data-element_type=\"widget\" data-e-type=\"widget\" data-settings=\"{&quot;drop_cap&quot;:&quot;yes&quot;}\" data-widget_type=\"text-editor.default\">\n\t\t\t\t<div class=\"elementor-widget-container\">\n\t\t\t\t\t\t\t\t\t<div id=\"pl-204\" class=\"panel-layout\"><div id=\"pg-204-0\" class=\"panel-grid panel-no-style\"><div id=\"pgc-204-0-0\" class=\"panel-grid-cell\" data-weight=\"1\"><div id=\"panel-204-0-0-0\" class=\"so-panel widget widget_sow-editor panel-first-child panel-last-child\" data-index=\"0\" data-style=\"{&quot;background_image_attachment&quot;:false,&quot;background_display&quot;:&quot;tile&quot;,&quot;font_color&quot;:&quot;#3f3f3f&quot;}\"><div class=\"panel-widget-style panel-widget-style-for-204-0-0-0\"><div class=\"so-widget-sow-editor so-widget-sow-editor-base\"><div class=\"siteorigin-widget-tinymce textwidget\"><p><strong>Tomasz P\u0142oci\u0144ski<\/strong><\/p><p style=\"text-align: left;\"><strong><span style=\"color: #000000;\">Swoj\u0105 przygod\u0119 z fotografi\u0105 podwodn\u0105 zacz\u0105\u0142em ponad 10 lat temu i tylko dzi\u0119ki fotografii nurkowanie jest dla mnie ciekawym hobby. Zabieranie aparatu pod wod\u0119 i robienie zdj\u0119\u0107 mo\u017ce by\u0107 i jest celem samego nurkowania.\u00a0Kiedy zacz\u0105\u0142em odkrywa\u0107 cuda podwodnego \u015bwiata, jego kolory, mnogo\u015b\u0107 form i kszta\u0142t\u00f3w, przepi\u0119kn\u0105 flor\u0119 i faun\u0119 to zapragn\u0105\u0142em podzieli\u0107 si\u0119 swoimi wra\u017ceniami z rodzin\u0105 i przyjaci\u00f3\u0142mi. Trudno jest jednak opisa\u0107 s\u0142owami to co widzimy pod wod\u0105. Obraz umo\u017cliwia znacznie lepszy przekaz. Dlatego zainteresowa\u0142em si\u0119 fotografi\u0105 podwodn\u0105. Ka\u017cdy z Was zapewne ma swoj\u0105 histori\u0119 ale powinna ona mie\u0107 jeden wsp\u00f3lny mianownik. Najpierw musimy nauczy\u0107 si\u0119 nurkowa\u0107. Troch\u0119 czasu zaj\u0119\u0142o mi skompletowanie swojego pierwszego zestawu do fotografii podwodnej dzi\u0119ki temu zd\u0105\u017cy\u0142em odby\u0107 kilka kurs\u00f3w nurkowania i nabra\u0107 pewnego do\u015bwiadczenia.\u00a0<\/span><\/strong><strong><span style=\"color: #000000;\">Fotografuj\u0119 pod wod\u0105 wszelkie obiekty, kt\u00f3re wzbudz\u0105 moje zainteresowanie a uwierzcie mi, \u017ce to co na l\u0105dzie wydaje si\u0119 by\u0107 zwyczajne pod wod\u0105 staje si\u0119 ciekaw\u0105 atrakcj\u0105.<\/span><\/strong><\/p><p style=\"text-align: left;\"><span style=\"color: #000000;\"><span style=\"caret-color: #000000;\"><b>Jestem instruktorem fotografii podwodnej w organizacji nurkowej ISSF. Je\u015bli chcecie pozna\u0107 tajniki fotografii podwodnej, zastanawiacie si\u0119 czy to hobby jest dla Was, albo macie ju\u017c sprz\u0119t i fotografujecie od lat, ale macie poczucie braku pewnej wiedzy to zapraszam do kontaktu. Mog\u0119 zorganizowa\u0107 zar\u00f3wno warsztaty dla os\u00f3b bardziej zaawansowanych jak i ca\u0142y kurs od podstaw. Sprz\u0119t fotograficzny nie jest wymagany.<\/b><\/span><\/span><\/p><p style=\"text-align: left;\"><strong><span style=\"color: #000000;\">Je\u015bli chcecie obejrze\u0107 efekty mojej pracy to zapraszam do obejrzenia galerii.<\/span><\/strong><\/p><\/div><\/div><\/div><\/div><\/div><\/div><\/div>\t\t\t\t\t\t\t\t<\/div>\n\t\t\t\t<\/div>\n\t\t\t\t\t<\/div>\n\t\t<\/div>\n\t\t\t\t\t<\/div>\n\t\t<\/section>\n\t\t\t\t<section class=\"elementor-section elementor-top-section elementor-element elementor-element-3dfd101 elementor-section-boxed elementor-section-height-default elementor-section-height-default\" data-id=\"3dfd101\" data-element_type=\"section\" data-e-type=\"section\">\n\t\t\t\t\t\t<div class=\"elementor-container elementor-column-gap-default\">\n\t\t\t\t\t<div class=\"elementor-column elementor-col-100 elementor-top-column elementor-element elementor-element-da61e0e\" data-id=\"da61e0e\" data-element_type=\"column\" data-e-type=\"column\">\n\t\t\t<div class=\"elementor-widget-wrap elementor-element-populated\">\n\t\t\t\t\t\t<div class=\"elementor-element elementor-element-a01adae elementor-arrows-position-inside elementor-pagination-position-outside elementor-widget elementor-widget-image-carousel\" data-id=\"a01adae\" data-element_type=\"widget\" data-e-type=\"widget\" data-settings=\"{&quot;navigation&quot;:&quot;both&quot;,&quot;autoplay&quot;:&quot;yes&quot;,&quot;pause_on_hover&quot;:&quot;yes&quot;,&quot;pause_on_interaction&quot;:&quot;yes&quot;,&quot;autoplay_speed&quot;:5000,&quot;infinite&quot;:&quot;yes&quot;,&quot;speed&quot;:500}\" data-widget_type=\"image-carousel.default\">\n\t\t\t\t<div class=\"elementor-widget-container\">\n\t\t\t\t\t\t\t<div class=\"elementor-image-carousel-wrapper swiper\" role=\"region\" aria-roledescription=\"carousel\" aria-label=\"Karuzela obrazk\u00f3w\" dir=\"ltr\">\n\t\t\t<div class=\"elementor-image-carousel swiper-wrapper\" aria-live=\"off\">\n\t\t\t\t\t\t\t\t<div class=\"swiper-slide\" role=\"group\" aria-roledescription=\"slide\" aria-label=\"1 z 5\"><figure class=\"swiper-slide-inner\"><img decoding=\"async\" class=\"swiper-slide-image\" src=\"https:\/\/podlustremwody.pl\/wp-content\/uploads\/2018\/03\/portfolio1-5a-768x560.jpg\" alt=\"portfolio1-5a\" \/><\/figure><\/div><div class=\"swiper-slide\" role=\"group\" aria-roledescription=\"slide\" aria-label=\"2 z 5\"><figure class=\"swiper-slide-inner\"><img decoding=\"async\" class=\"swiper-slide-image\" src=\"https:\/\/podlustremwody.pl\/wp-content\/uploads\/2018\/03\/ja3-768x512.jpg\" alt=\"ja3\" \/><\/figure><\/div><div class=\"swiper-slide\" role=\"group\" aria-roledescription=\"slide\" aria-label=\"3 z 5\"><figure class=\"swiper-slide-inner\"><img decoding=\"async\" class=\"swiper-slide-image\" src=\"https:\/\/podlustremwody.pl\/wp-content\/uploads\/2018\/03\/ja8-768x510.jpg\" alt=\"ja8\" \/><\/figure><\/div><div class=\"swiper-slide\" role=\"group\" aria-roledescription=\"slide\" aria-label=\"4 z 5\"><figure class=\"swiper-slide-inner\"><img decoding=\"async\" class=\"swiper-slide-image\" src=\"https:\/\/podlustremwody.pl\/wp-content\/uploads\/2018\/03\/selfie-768x550.jpg\" alt=\"selfie\" \/><\/figure><\/div><div class=\"swiper-slide\" role=\"group\" aria-roledescription=\"slide\" aria-label=\"5 z 5\"><figure class=\"swiper-slide-inner\"><img decoding=\"async\" class=\"swiper-slide-image\" src=\"https:\/\/podlustremwody.pl\/wp-content\/uploads\/2018\/03\/fotograf-768x476.jpg\" alt=\"fotograf\" \/><\/figure><\/div>\t\t\t<\/div>\n\t\t\t\t\t\t\t\t\t\t\t\t<div class=\"elementor-swiper-button elementor-swiper-button-prev\" role=\"button\" tabindex=\"0\">\n\t\t\t\t\t\t<i aria-hidden=\"true\" class=\"eicon-chevron-left\"><\/i>\t\t\t\t\t<\/div>\n\t\t\t\t\t<div class=\"elementor-swiper-button elementor-swiper-button-next\" role=\"button\" tabindex=\"0\">\n\t\t\t\t\t\t<i aria-hidden=\"true\" class=\"eicon-chevron-right\"><\/i>\t\t\t\t\t<\/div>\n\t\t\t\t\n\t\t\t\t\t\t\t\t\t<div class=\"swiper-pagination\"><\/div>\n\t\t\t\t\t\t\t\t\t<\/div>\n\t\t\t\t\t\t<\/div>\n\t\t\t\t<\/div>\n\t\t\t\t\t<\/div>\n\t\t<\/div>\n\t\t\t\t\t<\/div>\n\t\t<\/section>\n\t\t\t\t<\/div>\n\t\t","protected":false},"excerpt":{"rendered":"<p>Tomasz P\u0142oci\u0144ski Swoj\u0105 przygod\u0119 z fotografi\u0105 podwodn\u0105 zacz\u0105\u0142em ponad 10 lat temu i tylko dzi\u0119ki fotografii nurkowanie jest dla mnie ciekawym hobby. Zabieranie aparatu pod&hellip; <\/p>\n","protected":false},"author":1,"featured_media":0,"parent":0,"menu_order":0,"comment_status":"closed","ping_status":"closed","template":"","meta":{"footnotes":""},"class_list":["post-204","page","type-page","status-publish","hentry"],"_links":{"self":[{"href":"https:\/\/podlustremwody.pl\/index.php\/wp-json\/wp\/v2\/pages\/204","targetHints":{"allow":["GET"]}}],"collection":[{"href":"https:\/\/podlustremwody.pl\/index.php\/wp-json\/wp\/v2\/pages"}],"about":[{"href":"https:\/\/podlustremwody.pl\/index.php\/wp-json\/wp\/v2\/types\/page"}],"author":[{"embeddable":true,"href":"https:\/\/podlustremwody.pl\/index.php\/wp-json\/wp\/v2\/users\/1"}],"replies":[{"embeddable":true,"href":"https:\/\/podlustremwody.pl\/index.php\/wp-json\/wp\/v2\/comments?post=204"}],"version-history":[{"count":16,"href":"https:\/\/podlustremwody.pl\/index.php\/wp-json\/wp\/v2\/pages\/204\/revisions"}],"predecessor-version":[{"id":600,"href":"https:\/\/podlustremwody.pl\/index.php\/wp-json\/wp\/v2\/pages\/204\/revisions\/600"}],"wp:attachment":[{"href":"https:\/\/podlustremwody.pl\/index.php\/wp-json\/wp\/v2\/media?parent=204"}],"curies":[{"name":"wp","href":"https:\/\/api.w.org\/{rel}","templated":true}]}}