{"id":17,"date":"2018-03-19T15:08:16","date_gmt":"2018-03-19T14:08:16","guid":{"rendered":"http:\/\/podlustremwody.pl\/?page_id=17"},"modified":"2023-04-20T23:26:40","modified_gmt":"2023-04-20T21:26:40","slug":"home","status":"publish","type":"page","link":"https:\/\/podlustremwody.pl\/","title":{"rendered":"Home"},"content":{"rendered":"\t\t<div data-elementor-type=\"wp-page\" data-elementor-id=\"17\" class=\"elementor elementor-17\">\n\t\t\t\t\t\t<section class=\"elementor-section elementor-top-section elementor-element elementor-element-1fc51e6c elementor-section-full_width elementor-section-content-top elementor-section-height-default elementor-section-height-default\" data-id=\"1fc51e6c\" data-element_type=\"section\" data-e-type=\"section\" data-settings=\"{&quot;background_background&quot;:&quot;classic&quot;}\">\n\t\t\t\t\t\t<div class=\"elementor-container elementor-column-gap-default\">\n\t\t\t\t\t<div class=\"elementor-column elementor-col-100 elementor-top-column elementor-element elementor-element-4a9a5aec\" data-id=\"4a9a5aec\" data-element_type=\"column\" data-e-type=\"column\">\n\t\t\t<div class=\"elementor-widget-wrap elementor-element-populated\">\n\t\t\t\t\t\t<div class=\"elementor-element elementor-element-4158e591 elementor-widget__width-initial elementor-widget elementor-widget-text-editor\" data-id=\"4158e591\" data-element_type=\"widget\" data-e-type=\"widget\" data-widget_type=\"text-editor.default\">\n\t\t\t\t<div class=\"elementor-widget-container\">\n\t\t\t\t\t\t\t\t\t<h6 style=\"text-align: right;\"><em><strong>&#8222;Fotografia podwodna to moje hobby i pasja&#8221;<\/strong><\/em><\/h6><h5 style=\"text-align: right;\"><strong>Nazywam si\u0119 Tomasz P\u0142oci\u0144ski i ch\u0119tnie Ci\u0119 wprowadz\u0119 w tajniki fotografii podwodnej<\/strong><\/h5><p style=\"text-align: right;\">Jestem instruktorem fotografii podwodnej w organizacji nurkowej ISSF. Je\u015bli chcesz pozna\u0107 tajniki fotografii podwodnej, zastanawiasz si\u0119 czy to hobby jest dla Ciebie, albo masz ju\u017c sprz\u0119t i fotografujesz od lat, jednak masz poczucie braku pewnej wiedzy to zapraszam do kontaktu. Mog\u0119 zorganizowa\u0107 zar\u00f3wno warsztaty dla os\u00f3b bardziej zaawansowanych jak i ca\u0142y kurs od podstaw.<\/p><p style=\"text-align: right;\">Sprz\u0119t fotograficzny nie jest wymagany ale musisz umie\u0107 dobrze nurkowa\u0107.<\/p><p style=\"text-align: right;\">Swoj\u0105 przygod\u0119 z fotografi\u0105 podwodn\u0105 zacz\u0105\u0142em ponad 10 lat temu i tylko dzi\u0119ki fotografii nurkowanie jest dla mnie ciekawym hobby. Zabieranie aparatu pod wod\u0119 i robienie zdj\u0119\u0107 mo\u017ce by\u0107 i jest celem samego nurkowania.\u00a0Kiedy zacz\u0105\u0142em odkrywa\u0107 cuda podwodnego \u015bwiata, jego kolory, mnogo\u015b\u0107 form i kszta\u0142t\u00f3w, przepi\u0119kn\u0105 flor\u0119 i faun\u0119 to zapragn\u0105\u0142em podzieli\u0107 si\u0119 swoimi wra\u017ceniami z rodzin\u0105 i przyjaci\u00f3\u0142mi. Trudno jest jednak opisa\u0107 s\u0142owami to co widzimy pod wod\u0105. Obraz umo\u017cliwia znacznie lepszy przekaz. Dlatego zainteresowa\u0142em si\u0119 fotografi\u0105 podwodn\u0105. \u00a0Aby zacz\u0105\u0107 fotografowa\u0107 pod wod\u0105 najpierw \u00a0musia\u0142em nauczy\u0107 si\u0119 nurkowa\u0107. Troch\u0119 czasu zaj\u0119\u0142o mi skompletowanie swojego pierwszego zestawu do fotografii podwodnej dzi\u0119ki temu zd\u0105\u017cy\u0142em odby\u0107 kilka kurs\u00f3w nurkowania i nabra\u0107 pewnego do\u015bwiadczenia.\u00a0Fotografuj\u0119 pod wod\u0105 wszelkie obiekty, kt\u00f3re wzbudz\u0105 moje zainteresowanie a uwierz mi, \u017ce to co na l\u0105dzie wydaje si\u0119 by\u0107 zwyczajne pod wod\u0105 staje si\u0119 ciekaw\u0105 atrakcj\u0105.<\/p><p style=\"text-align: right;\"><strong><a href=\"https:\/\/podlustremwody.pl\/index.php\/portfolio-2\/\">klik &gt;&gt; Zapraszam Ci\u0119 do obejrzenia mojego portfolio &lt;&lt; klik<\/a><\/strong><\/p><p style=\"text-align: right;\"><strong><a href=\"https:\/\/issfdiving.com\/pl\/home-2-2\/\"><img fetchpriority=\"high\" decoding=\"async\" src=\"https:\/\/podlustremwody.pl\/wp-content\/uploads\/2021\/03\/Plakietka_prostokat_logo-ISSF-01-300x212.png\" alt=\"\" width=\"300\" height=\"212\" \/><\/a>\u00a0<\/strong><\/p><figure><img decoding=\"async\" class=\"aligncenter\" src=\"https:\/\/podlustremwody.pl\/wp-content\/uploads\/2018\/03\/kanion.jpg\" alt=\"kanion\" \/><\/figure>\t\t\t\t\t\t\t\t<\/div>\n\t\t\t\t<\/div>\n\t\t\t\t\t<\/div>\n\t\t<\/div>\n\t\t\t\t\t<\/div>\n\t\t<\/section>\n\t\t\t\t<\/div>\n\t\t","protected":false},"excerpt":{"rendered":"<p>&#8222;Fotografia podwodna to moje hobby i pasja&#8221; Nazywam si\u0119 Tomasz P\u0142oci\u0144ski i ch\u0119tnie Ci\u0119 wprowadz\u0119 w tajniki fotografii podwodnej Jestem instruktorem fotografii podwodnej w organizacji&hellip; <\/p>\n","protected":false},"author":1,"featured_media":0,"parent":0,"menu_order":0,"comment_status":"closed","ping_status":"closed","template":"","meta":{"footnotes":""},"class_list":["post-17","page","type-page","status-publish","hentry"],"_links":{"self":[{"href":"https:\/\/podlustremwody.pl\/index.php\/wp-json\/wp\/v2\/pages\/17","targetHints":{"allow":["GET"]}}],"collection":[{"href":"https:\/\/podlustremwody.pl\/index.php\/wp-json\/wp\/v2\/pages"}],"about":[{"href":"https:\/\/podlustremwody.pl\/index.php\/wp-json\/wp\/v2\/types\/page"}],"author":[{"embeddable":true,"href":"https:\/\/podlustremwody.pl\/index.php\/wp-json\/wp\/v2\/users\/1"}],"replies":[{"embeddable":true,"href":"https:\/\/podlustremwody.pl\/index.php\/wp-json\/wp\/v2\/comments?post=17"}],"version-history":[{"count":135,"href":"https:\/\/podlustremwody.pl\/index.php\/wp-json\/wp\/v2\/pages\/17\/revisions"}],"predecessor-version":[{"id":789,"href":"https:\/\/podlustremwody.pl\/index.php\/wp-json\/wp\/v2\/pages\/17\/revisions\/789"}],"wp:attachment":[{"href":"https:\/\/podlustremwody.pl\/index.php\/wp-json\/wp\/v2\/media?parent=17"}],"curies":[{"name":"wp","href":"https:\/\/api.w.org\/{rel}","templated":true}]}}